{"id":10988,"date":"2025-05-09T01:25:02","date_gmt":"2025-05-08T23:25:02","guid":{"rendered":"https:\/\/arriba:8890\/product\/niet-gecategoriseerd\/multivitamine\/"},"modified":"2026-02-03T11:12:30","modified_gmt":"2026-02-03T10:12:30","slug":"multivitamine","status":"publish","type":"product","link":"https:\/\/arribanutrition.com\/nl\/product\/doelen\/afvallen\/multivitamine\/","title":{"rendered":"Multivitamine"},"content":{"rendered":"<p>Complete wellness in \u00e9\u00e9n capsule.<br \/>\nArriba Multivitamines bieden een compleet spectrum aan essenti\u00eble micronutri\u00ebnten voor actieve mensen. Deze formule is ontwikkeld voor sporters en mensen met een energieke levensstijl en versterkt het immuunsysteem, bevordert het herstel en zorgt ervoor dat je lichaam dag in dag uit in topconditie blijft. <\/p>\n<p>60 capsules<\/p>\n","protected":false},"excerpt":{"rendered":"<p>Complete wellness in \u00e9\u00e9n capsule. Arriba Multivitamines bieden een compleet spectrum aan essenti\u00eble micronutri\u00ebnten voor actieve mensen. Deze formule is ontwikkeld voor sporters en mensen met een energieke levensstijl en versterkt het immuunsysteem, bevordert het herstel en zorgt ervoor dat je lichaam dag in dag uit in topconditie blijft. 60 capsules<\/p>\n","protected":false},"featured_media":10887,"comment_status":"open","ping_status":"closed","template":"","meta":[],"product_brand":[],"product_cat":[35,36,310],"product_tag":[],"class_list":{"0":"post-10988","1":"product","2":"type-product","3":"status-publish","4":"has-post-thumbnail","6":"product_cat-afvallen","7":"product_cat-gezonde-lifestyle","8":"product_cat-mr-anatoly","10":"first","11":"instock","12":"taxable","13":"shipping-taxable","14":"purchasable","15":"product-type-simple"},"_links":{"self":[{"href":"https:\/\/arribanutrition.com\/nl\/wp-json\/wp\/v2\/product\/10988","targetHints":{"allow":["GET"]}}],"collection":[{"href":"https:\/\/arribanutrition.com\/nl\/wp-json\/wp\/v2\/product"}],"about":[{"href":"https:\/\/arribanutrition.com\/nl\/wp-json\/wp\/v2\/types\/product"}],"replies":[{"embeddable":true,"href":"https:\/\/arribanutrition.com\/nl\/wp-json\/wp\/v2\/comments?post=10988"}],"wp:featuredmedia":[{"embeddable":true,"href":"https:\/\/arribanutrition.com\/nl\/wp-json\/wp\/v2\/media\/10887"}],"wp:attachment":[{"href":"https:\/\/arribanutrition.com\/nl\/wp-json\/wp\/v2\/media?parent=10988"}],"wp:term":[{"taxonomy":"product_brand","embeddable":true,"href":"https:\/\/arribanutrition.com\/nl\/wp-json\/wp\/v2\/product_brand?post=10988"},{"taxonomy":"product_cat","embeddable":true,"href":"https:\/\/arribanutrition.com\/nl\/wp-json\/wp\/v2\/product_cat?post=10988"},{"taxonomy":"product_tag","embeddable":true,"href":"https:\/\/arribanutrition.com\/nl\/wp-json\/wp\/v2\/product_tag?post=10988"}],"curies":[{"name":"wp","href":"https:\/\/api.w.org\/{rel}","templated":true}]}}