{"id":3203,"date":"2022-03-15T10:02:31","date_gmt":"2022-03-15T09:02:31","guid":{"rendered":"https:\/\/arribanutrition.com\/?page_id=3203"},"modified":"2025-06-26T07:00:45","modified_gmt":"2025-06-26T05:00:45","slug":"verzenden-en-retourneren","status":"publish","type":"page","link":"https:\/\/arribanutrition.com\/nl\/verzenden-en-retourneren\/","title":{"rendered":"Verzenden en retourneren"},"content":{"rendered":"<h3>Verzenden<\/h3>\n<p><strong>Bezorging in Nederland<\/strong><\/p>\n<p>In samenwerking met DHL, Fedex, GLS en UPS wordt elke bestelling voor 23.00 uur geplaatst. wordt dezelfde dag verzonden zodat u de bestelling zo snel mogelijk in ontvangst kunt nemen.<br \/>\nNaast de supersnelle verzending biedt Arriba Nutrition gratis verzending bij bestellingen boven een bepaald bedrag, afhankelijk van het land waar u bestelt.<\/p>\n<p>Indien u uw bestelling niet binnen de termijn vermeld in uw track en trace e-mail heeft ontvangen, neem dan contact op met onze klantenservice via <a href=\"mailto:info@arriba.projection-learn.website\">info@arriba.projection-learn.website<\/a><\/p>\n<p><strong>Verzendtarieven<\/strong><\/p>\n<p><em>Bezorging in Nederland<br \/>\n<\/em>Verzendkosten \u20ac 3,95<br \/>\nGratis verzending vanaf \u20ac60<br \/>\nLevering binnen 1 werkdag indien voor 23.00 uur besteld.<\/p>\n<p><em>Verzenden naar belgi\u00eb<\/em><br \/>\nVerzendkosten \u20ac 6,95<br \/>\nGratis verzending vanaf \u20ac60<br \/>\nLevering binnen 1-2 werkdagen indien voor 23.00 uur besteld.<\/p>\n<p><em>Verzenden naar Groot-Brittanni\u00eb<\/em><br \/>\nBij bezorging in Groot-Brittanni\u00eb voor 23.00 uur in huis binnen 2 tot 5 werkdagen.<br \/>\nVerzendkosten \u20ac 7,95<br \/>\nGratis verzending vanaf \u20ac60<\/p>\n<p><em>Verzenden naar VS<\/em><br \/>\nVoor bezorging in de VS geldt voor bestellingen v\u00f3\u00f3r 23.00 uur. wordt binnen 2 tot 5 werkdagen geleverd.<\/p>\n<p><strong>Andere landen<\/strong><br \/>\nArriba levert aan veel landen over de hele wereld. Controleer uw winkelwagen om de verzendkosten en voorwaarden voor de levering naar uw land te zien.<\/p>\n<p><strong>Levering transportbeleid<\/strong><br \/>\nSommige transportbedrijven bezorgen uw bestelling op het door u opgegeven adres. Indien het pakket niet afgeleverd kan worden, wordt het bij de buren afgeleverd of later opnieuw aangeboden. De dag en het tijdstip van de 2e bezorging zijn afhankelijk van de dag van de 1e bezorging. Bent u bij de 2e bezorging niet thuis, dan ontvangt u een briefje in de brievenbus. Hierop staat bij welk Servicepunt u het pakket kunt ophalen. U heeft 7 dagen de tijd om het pakket op te halen, anders wordt het pakket retour gestuurd.<\/p>\n<h3>Retourneren<\/h3>\n<p>Na ontvangst van uw producten heeft u 14 dagen de tijd om ons op de hoogte te stellen als u de producten wilt retourneren. Wanneer u heeft gemeld dat u de producten wilt retourneren, dienen deze binnen 14 dagen aantoonbaar teruggestuurd te worden naar Arribanutrition.com.<br \/>\nProducten waarbij hygi\u00ebne belangrijk is, zoals tabletten, capsules, poeders, dranken, cr\u00e8mes, oli\u00ebn en andere verzegelde producten, kunnen uitsluitend ongeopend en in onbeschadigde staat (eventueel met intacte seal) geretourneerd worden. Indien u producten heeft beschadigd tijdens gebruik, kunnen wij dit in rekening brengen.<br \/>\nHet aankoopbedrag wordt zo spoedig mogelijk, maar uiterlijk binnen 14 dagen na herroeping, teruggestort.<\/p>\n","protected":false},"excerpt":{"rendered":"<p>Verzenden Bezorging in Nederland In samenwerking met DHL, Fedex, GLS en UPS wordt elke bestelling voor 23.00 uur geplaatst. wordt dezelfde dag verzonden zodat u de bestelling zo snel mogelijk in ontvangst kunt nemen. Naast de supersnelle verzending biedt Arriba Nutrition gratis verzending bij bestellingen boven een bepaald bedrag, afhankelijk van het land waar u [&hellip;]<\/p>\n","protected":false},"author":1,"featured_media":0,"parent":0,"menu_order":0,"comment_status":"closed","ping_status":"closed","template":"page-legal.php","meta":{"footnotes":""},"class_list":["post-3203","page","type-page","status-publish","hentry"],"_links":{"self":[{"href":"https:\/\/arribanutrition.com\/nl\/wp-json\/wp\/v2\/pages\/3203","targetHints":{"allow":["GET"]}}],"collection":[{"href":"https:\/\/arribanutrition.com\/nl\/wp-json\/wp\/v2\/pages"}],"about":[{"href":"https:\/\/arribanutrition.com\/nl\/wp-json\/wp\/v2\/types\/page"}],"author":[{"embeddable":true,"href":"https:\/\/arribanutrition.com\/nl\/wp-json\/wp\/v2\/users\/1"}],"replies":[{"embeddable":true,"href":"https:\/\/arribanutrition.com\/nl\/wp-json\/wp\/v2\/comments?post=3203"}],"version-history":[{"count":0,"href":"https:\/\/arribanutrition.com\/nl\/wp-json\/wp\/v2\/pages\/3203\/revisions"}],"wp:attachment":[{"href":"https:\/\/arribanutrition.com\/nl\/wp-json\/wp\/v2\/media?parent=3203"}],"curies":[{"name":"wp","href":"https:\/\/api.w.org\/{rel}","templated":true}]}}