{"id":11186,"date":"2025-11-24T13:20:18","date_gmt":"2025-11-24T12:20:18","guid":{"rendered":"https:\/\/test.arribanutrition.com\/product\/sin categor\u00eda\/shaker-cup\/"},"modified":"2025-11-24T13:25:00","modified_gmt":"2025-11-24T12:25:00","slug":"shaker-cup","status":"publish","type":"product","link":"https:\/\/arribanutrition.com\/es\/producto\/accesorios\/shaker-cup\/","title":{"rendered":"Shaker Cup"},"content":{"rendered":"<p>Con esta coctelera tendr\u00e1s a mano tu delicioso batido casero o refrescante bebida vitam\u00ednica en cualquier momento del d\u00eda. Esta coctelera tiene una capacidad de 500ml. Esta coctelera tiene un filtro especial para que tu batido no tenga grumos.  <\/p>\n<p>Este producto no es apto para lavavajillas.<\/p>\n","protected":false},"excerpt":{"rendered":"<p>Con esta coctelera tendr\u00e1s a mano tu delicioso batido casero o refrescante bebida vitam\u00ednica en cualquier momento del d\u00eda. Esta coctelera tiene una capacidad de 500ml. Esta coctelera tiene un filtro especial para que tu batido no tenga grumos. Este producto no es apto para lavavajillas.<\/p>\n","protected":false},"featured_media":11184,"comment_status":"open","ping_status":"closed","template":"","meta":[],"product_brand":[],"product_cat":[410],"product_tag":[],"class_list":{"0":"post-11186","1":"product","2":"type-product","3":"status-publish","4":"has-post-thumbnail","6":"product_cat-accesorios","8":"first","9":"instock","10":"taxable","11":"shipping-taxable","12":"purchasable","13":"product-type-simple"},"_links":{"self":[{"href":"https:\/\/arribanutrition.com\/es\/wp-json\/wp\/v2\/product\/11186","targetHints":{"allow":["GET"]}}],"collection":[{"href":"https:\/\/arribanutrition.com\/es\/wp-json\/wp\/v2\/product"}],"about":[{"href":"https:\/\/arribanutrition.com\/es\/wp-json\/wp\/v2\/types\/product"}],"replies":[{"embeddable":true,"href":"https:\/\/arribanutrition.com\/es\/wp-json\/wp\/v2\/comments?post=11186"}],"wp:featuredmedia":[{"embeddable":true,"href":"https:\/\/arribanutrition.com\/es\/wp-json\/wp\/v2\/media\/11184"}],"wp:attachment":[{"href":"https:\/\/arribanutrition.com\/es\/wp-json\/wp\/v2\/media?parent=11186"}],"wp:term":[{"taxonomy":"product_brand","embeddable":true,"href":"https:\/\/arribanutrition.com\/es\/wp-json\/wp\/v2\/product_brand?post=11186"},{"taxonomy":"product_cat","embeddable":true,"href":"https:\/\/arribanutrition.com\/es\/wp-json\/wp\/v2\/product_cat?post=11186"},{"taxonomy":"product_tag","embeddable":true,"href":"https:\/\/arribanutrition.com\/es\/wp-json\/wp\/v2\/product_tag?post=11186"}],"curies":[{"name":"wp","href":"https:\/\/api.w.org\/{rel}","templated":true}]}}