{"id":11112,"date":"2025-05-08T17:53:12","date_gmt":"2025-05-08T15:53:12","guid":{"rendered":"https:\/\/test.arribanutrition.com\/product\/sin%20categor\u00eda\/creatine\/"},"modified":"2026-03-25T09:50:12","modified_gmt":"2026-03-25T08:50:12","slug":"creatine","status":"publish","type":"product","link":"https:\/\/arribanutrition.com\/es\/producto\/objetivos\/aguante\/creatine\/","title":{"rendered":"Creatine"},"content":{"rendered":"<p>Arriba Creatine aumenta tu rendimiento y estimula el crecimiento muscular. Una ingesta diaria de tan solo cinco gramos de Arriba creatine te ayuda a mejorar tu rendimiento durante esfuerzos de fuerza explosiva. Puedes tomar creatina a cualquier hora del d\u00eda. Una cucharada de cinco gramos se puede a\u00f1adir f\u00e1cilmente a cualquier otro tipo de batido gracias a su sabor neutro.   <\/p>\n<p>Ventajas: La creatina no tiene sabor y es f\u00e1cil de mezclar con agua, batido o licuado natural.<br \/>\nObjetivo: La creatina proporciona mayor potencia explosiva para que puedas sacar el m\u00e1ximo provecho de tu entrenamiento. Adem\u00e1s, asegura que los m\u00fasculos retengan m\u00e1s agua y, por lo tanto, adquieran una forma y una apariencia m\u00e1s definidas.<\/p>\n<p>250 gram \u2013 50 porties<\/p>\n","protected":false},"excerpt":{"rendered":"<p>Arriba Creatine aumenta tu rendimiento y estimula el crecimiento muscular. Una ingesta diaria de tan solo cinco gramos de Arriba creatine te ayuda a mejorar tu rendimiento durante esfuerzos de fuerza explosiva. Puedes tomar creatina a cualquier hora del d\u00eda. Una cucharada de cinco gramos se puede a\u00f1adir f\u00e1cilmente a cualquier otro tipo de batido [&hellip;]<\/p>\n","protected":false},"featured_media":10876,"comment_status":"open","ping_status":"closed","template":"","meta":[],"product_brand":[],"product_cat":[135,134,325],"product_tag":[],"class_list":{"0":"post-11112","1":"product","2":"type-product","3":"status-publish","4":"has-post-thumbnail","6":"product_cat-aguante","7":"product_cat-desarrollo-muscular","8":"product_cat-mr-anatoly","10":"first","11":"instock","12":"taxable","13":"shipping-taxable","14":"purchasable","15":"product-type-variable","16":"has-default-attributes"},"_links":{"self":[{"href":"https:\/\/arribanutrition.com\/es\/wp-json\/wp\/v2\/product\/11112","targetHints":{"allow":["GET"]}}],"collection":[{"href":"https:\/\/arribanutrition.com\/es\/wp-json\/wp\/v2\/product"}],"about":[{"href":"https:\/\/arribanutrition.com\/es\/wp-json\/wp\/v2\/types\/product"}],"replies":[{"embeddable":true,"href":"https:\/\/arribanutrition.com\/es\/wp-json\/wp\/v2\/comments?post=11112"}],"wp:featuredmedia":[{"embeddable":true,"href":"https:\/\/arribanutrition.com\/es\/wp-json\/wp\/v2\/media\/10876"}],"wp:attachment":[{"href":"https:\/\/arribanutrition.com\/es\/wp-json\/wp\/v2\/media?parent=11112"}],"wp:term":[{"taxonomy":"product_brand","embeddable":true,"href":"https:\/\/arribanutrition.com\/es\/wp-json\/wp\/v2\/product_brand?post=11112"},{"taxonomy":"product_cat","embeddable":true,"href":"https:\/\/arribanutrition.com\/es\/wp-json\/wp\/v2\/product_cat?post=11112"},{"taxonomy":"product_tag","embeddable":true,"href":"https:\/\/arribanutrition.com\/es\/wp-json\/wp\/v2\/product_tag?post=11112"}],"curies":[{"name":"wp","href":"https:\/\/api.w.org\/{rel}","templated":true}]}}