{"id":11109,"date":"2025-05-08T23:35:11","date_gmt":"2025-05-08T21:35:11","guid":{"rendered":"https:\/\/test.arribanutrition.com\/product\/sin%20categor\u00eda\/isolate-protein\/"},"modified":"2026-03-16T17:02:52","modified_gmt":"2026-03-16T16:02:52","slug":"isolate-protein","status":"publish","type":"product","link":"https:\/\/arribanutrition.com\/es\/producto\/objetivos\/estilo-de-vida-saludable\/isolate-protein\/","title":{"rendered":"Isolate Protein"},"content":{"rendered":"<p><strong>30 g de prote\u00edna. Sin concesiones. Resultados perfectos.<\/strong><br \/>\nArriba Nutrition Whey Isolate es <strong>la prote\u00edna post-entrenamiento definitiva<\/strong>: de r\u00e1pida digesti\u00f3n, baja en lactosa y dise\u00f1ada para obtener ganancias considerables. Elaborado por el propio Sr. Anatoly, cada porci\u00f3n aporta 30 g de prote\u00edna pura para impulsar la recuperaci\u00f3n y favorecer el crecimiento muscular.<br \/>\nPerfecto para definir, aumentar volumen y mantenerse definido.<\/p>\n<p>900 gram \u2013 30 servings<\/p>\n","protected":false},"excerpt":{"rendered":"<p>30 g de prote\u00edna. Sin concesiones. Resultados perfectos. Arriba Nutrition Whey Isolate es la prote\u00edna post-entrenamiento definitiva: de r\u00e1pida digesti\u00f3n, baja en lactosa y dise\u00f1ada para obtener ganancias considerables. Elaborado por el propio Sr. Anatoly, cada porci\u00f3n aporta 30 g de prote\u00edna pura para impulsar la recuperaci\u00f3n y favorecer el crecimiento muscular. Perfecto para definir, [&hellip;]<\/p>\n","protected":false},"featured_media":10906,"comment_status":"open","ping_status":"closed","template":"","meta":[],"product_brand":[],"product_cat":[133,325,132],"product_tag":[],"class_list":{"0":"post-11109","1":"product","2":"type-product","3":"status-publish","4":"has-post-thumbnail","6":"product_cat-estilo-de-vida-saludable","7":"product_cat-mr-anatoly","8":"product_cat-perder-peso","10":"first","11":"instock","12":"taxable","13":"shipping-taxable","14":"purchasable","15":"product-type-variable","16":"has-default-attributes"},"_links":{"self":[{"href":"https:\/\/arribanutrition.com\/es\/wp-json\/wp\/v2\/product\/11109","targetHints":{"allow":["GET"]}}],"collection":[{"href":"https:\/\/arribanutrition.com\/es\/wp-json\/wp\/v2\/product"}],"about":[{"href":"https:\/\/arribanutrition.com\/es\/wp-json\/wp\/v2\/types\/product"}],"replies":[{"embeddable":true,"href":"https:\/\/arribanutrition.com\/es\/wp-json\/wp\/v2\/comments?post=11109"}],"wp:featuredmedia":[{"embeddable":true,"href":"https:\/\/arribanutrition.com\/es\/wp-json\/wp\/v2\/media\/10906"}],"wp:attachment":[{"href":"https:\/\/arribanutrition.com\/es\/wp-json\/wp\/v2\/media?parent=11109"}],"wp:term":[{"taxonomy":"product_brand","embeddable":true,"href":"https:\/\/arribanutrition.com\/es\/wp-json\/wp\/v2\/product_brand?post=11109"},{"taxonomy":"product_cat","embeddable":true,"href":"https:\/\/arribanutrition.com\/es\/wp-json\/wp\/v2\/product_cat?post=11109"},{"taxonomy":"product_tag","embeddable":true,"href":"https:\/\/arribanutrition.com\/es\/wp-json\/wp\/v2\/product_tag?post=11109"}],"curies":[{"name":"wp","href":"https:\/\/api.w.org\/{rel}","templated":true}]}}