{"id":11108,"date":"2025-05-09T01:10:43","date_gmt":"2025-05-08T23:10:43","guid":{"rendered":"https:\/\/test.arribanutrition.com\/product\/sin%20categor\u00eda\/glucosamine-chrondroitin\/"},"modified":"2026-02-03T11:18:37","modified_gmt":"2026-02-03T10:18:37","slug":"glucosamine-chrondroitin","status":"publish","type":"product","link":"https:\/\/arribanutrition.com\/es\/producto\/objetivos\/estilo-de-vida-saludable\/glucosamine-chrondroitin\/","title":{"rendered":"Glucosamine Chrondroitin"},"content":{"rendered":"<p><strong>Articulaciones m\u00e1s fuertes. Movimientos m\u00e1s fluidos. Mejor entrenamiento.<\/strong><br \/>\nArriba\u2019s Glucosamina-Condroitina est\u00e1 formulado para quienes exigen m\u00e1s de su cuerpo. Ya sea que est\u00e9 levantando pesas, corriendo o recuper\u00e1ndose, este suplemento favorece <strong>la flexibilidad de las articulaciones, la salud del cart\u00edlago <\/strong>y la comodidad de las articulaciones a largo plazo, <strong>para que pueda entrenar sin l\u00edmites.<\/strong><\/p>\n<p>60 c\u00e1psulas<\/p>\n","protected":false},"excerpt":{"rendered":"<p>Articulaciones m\u00e1s fuertes. Movimientos m\u00e1s fluidos. Mejor entrenamiento. Arriba\u2019s Glucosamina-Condroitina est\u00e1 formulado para quienes exigen m\u00e1s de su cuerpo. Ya sea que est\u00e9 levantando pesas, corriendo o recuper\u00e1ndose, este suplemento favorece la flexibilidad de las articulaciones, la salud del cart\u00edlago y la comodidad de las articulaciones a largo plazo, para que pueda entrenar sin l\u00edmites. [&hellip;]<\/p>\n","protected":false},"featured_media":10882,"comment_status":"open","ping_status":"closed","template":"","meta":[],"product_brand":[],"product_cat":[133,325],"product_tag":[],"class_list":{"0":"post-11108","1":"product","2":"type-product","3":"status-publish","4":"has-post-thumbnail","6":"product_cat-estilo-de-vida-saludable","7":"product_cat-mr-anatoly","9":"first","10":"instock","11":"taxable","12":"shipping-taxable","13":"purchasable","14":"product-type-simple"},"_links":{"self":[{"href":"https:\/\/arribanutrition.com\/es\/wp-json\/wp\/v2\/product\/11108","targetHints":{"allow":["GET"]}}],"collection":[{"href":"https:\/\/arribanutrition.com\/es\/wp-json\/wp\/v2\/product"}],"about":[{"href":"https:\/\/arribanutrition.com\/es\/wp-json\/wp\/v2\/types\/product"}],"replies":[{"embeddable":true,"href":"https:\/\/arribanutrition.com\/es\/wp-json\/wp\/v2\/comments?post=11108"}],"wp:featuredmedia":[{"embeddable":true,"href":"https:\/\/arribanutrition.com\/es\/wp-json\/wp\/v2\/media\/10882"}],"wp:attachment":[{"href":"https:\/\/arribanutrition.com\/es\/wp-json\/wp\/v2\/media?parent=11108"}],"wp:term":[{"taxonomy":"product_brand","embeddable":true,"href":"https:\/\/arribanutrition.com\/es\/wp-json\/wp\/v2\/product_brand?post=11108"},{"taxonomy":"product_cat","embeddable":true,"href":"https:\/\/arribanutrition.com\/es\/wp-json\/wp\/v2\/product_cat?post=11108"},{"taxonomy":"product_tag","embeddable":true,"href":"https:\/\/arribanutrition.com\/es\/wp-json\/wp\/v2\/product_tag?post=11108"}],"curies":[{"name":"wp","href":"https:\/\/api.w.org\/{rel}","templated":true}]}}