{"id":11107,"date":"2025-05-09T01:20:03","date_gmt":"2025-05-08T23:20:03","guid":{"rendered":"https:\/\/test.arribanutrition.com\/product\/sin%20categor\u00eda\/l-glutamine\/"},"modified":"2026-02-03T11:19:36","modified_gmt":"2026-02-03T10:19:36","slug":"l-glutamine","status":"publish","type":"product","link":"https:\/\/arribanutrition.com\/es\/producto\/objetivos\/aguante\/l-glutamine\/","title":{"rendered":"L-Glutamine"},"content":{"rendered":"<p><strong>Apoyo puro para atletas exigentes.<\/strong><br \/>\nArriba L-Glutamina ofrece <strong>glutamina 100% de grado farmac\u00e9utico<\/strong>, un amino\u00e1cido vital que favorece la recuperaci\u00f3n, la salud inmunitaria y la preservaci\u00f3n muscular. Ideal durante f<strong>ases de entrenamiento intenso<\/strong> o dietas restringidas en calor\u00edas, este polvo sin sabor se combina f\u00e1cilmente con cualquier rutina de suplementos.<\/p>\n<p>250 gramos \u2013 50 porciones<\/p>\n","protected":false},"excerpt":{"rendered":"<p>Apoyo puro para atletas exigentes. Arriba L-Glutamina ofrece glutamina 100% de grado farmac\u00e9utico, un amino\u00e1cido vital que favorece la recuperaci\u00f3n, la salud inmunitaria y la preservaci\u00f3n muscular. Ideal durante fases de entrenamiento intenso o dietas restringidas en calor\u00edas, este polvo sin sabor se combina f\u00e1cilmente con cualquier rutina de suplementos. 250 gramos \u2013 50 porciones<\/p>\n","protected":false},"featured_media":10885,"comment_status":"open","ping_status":"closed","template":"","meta":[],"product_brand":[],"product_cat":[135,134,325,132],"product_tag":[],"class_list":{"0":"post-11107","1":"product","2":"type-product","3":"status-publish","4":"has-post-thumbnail","6":"product_cat-aguante","7":"product_cat-desarrollo-muscular","8":"product_cat-mr-anatoly","9":"product_cat-perder-peso","11":"first","12":"instock","13":"taxable","14":"shipping-taxable","15":"purchasable","16":"product-type-simple"},"_links":{"self":[{"href":"https:\/\/arribanutrition.com\/es\/wp-json\/wp\/v2\/product\/11107","targetHints":{"allow":["GET"]}}],"collection":[{"href":"https:\/\/arribanutrition.com\/es\/wp-json\/wp\/v2\/product"}],"about":[{"href":"https:\/\/arribanutrition.com\/es\/wp-json\/wp\/v2\/types\/product"}],"replies":[{"embeddable":true,"href":"https:\/\/arribanutrition.com\/es\/wp-json\/wp\/v2\/comments?post=11107"}],"wp:featuredmedia":[{"embeddable":true,"href":"https:\/\/arribanutrition.com\/es\/wp-json\/wp\/v2\/media\/10885"}],"wp:attachment":[{"href":"https:\/\/arribanutrition.com\/es\/wp-json\/wp\/v2\/media?parent=11107"}],"wp:term":[{"taxonomy":"product_brand","embeddable":true,"href":"https:\/\/arribanutrition.com\/es\/wp-json\/wp\/v2\/product_brand?post=11107"},{"taxonomy":"product_cat","embeddable":true,"href":"https:\/\/arribanutrition.com\/es\/wp-json\/wp\/v2\/product_cat?post=11107"},{"taxonomy":"product_tag","embeddable":true,"href":"https:\/\/arribanutrition.com\/es\/wp-json\/wp\/v2\/product_tag?post=11107"}],"curies":[{"name":"wp","href":"https:\/\/api.w.org\/{rel}","templated":true}]}}