{"id":11106,"date":"2025-05-09T01:25:02","date_gmt":"2025-05-08T23:25:02","guid":{"rendered":"https:\/\/test.arribanutrition.com\/product\/sin%20categor\u00eda\/multivitamina\/"},"modified":"2026-02-03T11:20:40","modified_gmt":"2026-02-03T10:20:40","slug":"multivitamina","status":"publish","type":"product","link":"https:\/\/arribanutrition.com\/es\/producto\/objetivos\/estilo-de-vida-saludable\/multivitamina\/","title":{"rendered":"Multivitamina"},"content":{"rendered":"<p><strong>Bienestar completo en una sola c\u00e1psula.<\/strong><br \/>\nArriba Multivitamins ofrece <strong>un espectro completo de micronutrientes esenciales<\/strong> para personas activas. Dise\u00f1ada para atletas y personas con estilos de vida de alta energ\u00eda, esta f\u00f3rmula estimula la inmunidad, mejora la recuperaci\u00f3n y mantiene el cuerpo funcionando en \u00f3ptimas condiciones, d\u00eda tras d\u00eda.<\/p>\n<p>60 c\u00e1psulas<\/p>\n","protected":false},"excerpt":{"rendered":"<p>Bienestar completo en una sola c\u00e1psula. Arriba Multivitamins ofrece un espectro completo de micronutrientes esenciales para personas activas. Dise\u00f1ada para atletas y personas con estilos de vida de alta energ\u00eda, esta f\u00f3rmula estimula la inmunidad, mejora la recuperaci\u00f3n y mantiene el cuerpo funcionando en \u00f3ptimas condiciones, d\u00eda tras d\u00eda. 60 c\u00e1psulas<\/p>\n","protected":false},"featured_media":10888,"comment_status":"open","ping_status":"closed","template":"","meta":[],"product_brand":[],"product_cat":[133,325,132],"product_tag":[],"class_list":{"0":"post-11106","1":"product","2":"type-product","3":"status-publish","4":"has-post-thumbnail","6":"product_cat-estilo-de-vida-saludable","7":"product_cat-mr-anatoly","8":"product_cat-perder-peso","10":"first","11":"instock","12":"taxable","13":"shipping-taxable","14":"purchasable","15":"product-type-simple"},"_links":{"self":[{"href":"https:\/\/arribanutrition.com\/es\/wp-json\/wp\/v2\/product\/11106","targetHints":{"allow":["GET"]}}],"collection":[{"href":"https:\/\/arribanutrition.com\/es\/wp-json\/wp\/v2\/product"}],"about":[{"href":"https:\/\/arribanutrition.com\/es\/wp-json\/wp\/v2\/types\/product"}],"replies":[{"embeddable":true,"href":"https:\/\/arribanutrition.com\/es\/wp-json\/wp\/v2\/comments?post=11106"}],"wp:featuredmedia":[{"embeddable":true,"href":"https:\/\/arribanutrition.com\/es\/wp-json\/wp\/v2\/media\/10888"}],"wp:attachment":[{"href":"https:\/\/arribanutrition.com\/es\/wp-json\/wp\/v2\/media?parent=11106"}],"wp:term":[{"taxonomy":"product_brand","embeddable":true,"href":"https:\/\/arribanutrition.com\/es\/wp-json\/wp\/v2\/product_brand?post=11106"},{"taxonomy":"product_cat","embeddable":true,"href":"https:\/\/arribanutrition.com\/es\/wp-json\/wp\/v2\/product_cat?post=11106"},{"taxonomy":"product_tag","embeddable":true,"href":"https:\/\/arribanutrition.com\/es\/wp-json\/wp\/v2\/product_tag?post=11106"}],"curies":[{"name":"wp","href":"https:\/\/api.w.org\/{rel}","templated":true}]}}