{"id":11098,"date":"2025-06-25T20:22:27","date_gmt":"2025-06-25T18:22:27","guid":{"rendered":"https:\/\/test.arribanutrition.com\/product\/sin%20categor\u00eda\/whey-protein\/"},"modified":"2026-02-03T11:21:49","modified_gmt":"2026-02-03T10:21:49","slug":"whey-protein","status":"publish","type":"product","link":"https:\/\/arribanutrition.com\/es\/producto\/objetivos\/desarrollo-muscular\/whey-protein\/","title":{"rendered":"Whey Protein"},"content":{"rendered":"<p><strong>Combinaci\u00f3n perfecta de sabor y resultados.<\/strong><br \/>\nArriba <strong>Whey Protein<\/strong> es tu batido de prote\u00ednas diario ideal: una potente dosis de prote\u00edna con un sabor inigualable. Ideal para el uso diario, est\u00e1 dise\u00f1ado para favorecer el crecimiento de la masa muscular magra, la recuperaci\u00f3n y el rendimiento general.<\/p>\n<p>900 gramos &#8211; 30 porciones<\/p>\n","protected":false},"excerpt":{"rendered":"<p>Combinaci\u00f3n perfecta de sabor y resultados. Arriba Whey Protein es tu batido de prote\u00ednas diario ideal: una potente dosis de prote\u00edna con un sabor inigualable. Ideal para el uso diario, est\u00e1 dise\u00f1ado para favorecer el crecimiento de la masa muscular magra, la recuperaci\u00f3n y el rendimiento general. 900 gramos &#8211; 30 porciones<\/p>\n","protected":false},"featured_media":10909,"comment_status":"open","ping_status":"closed","template":"","meta":[],"product_brand":[],"product_cat":[134,325],"product_tag":[],"class_list":{"0":"post-11098","1":"product","2":"type-product","3":"status-publish","4":"has-post-thumbnail","6":"product_cat-desarrollo-muscular","7":"product_cat-mr-anatoly","9":"first","10":"instock","11":"taxable","12":"shipping-taxable","13":"purchasable","14":"product-type-variable","15":"has-default-attributes"},"_links":{"self":[{"href":"https:\/\/arribanutrition.com\/es\/wp-json\/wp\/v2\/product\/11098","targetHints":{"allow":["GET"]}}],"collection":[{"href":"https:\/\/arribanutrition.com\/es\/wp-json\/wp\/v2\/product"}],"about":[{"href":"https:\/\/arribanutrition.com\/es\/wp-json\/wp\/v2\/types\/product"}],"replies":[{"embeddable":true,"href":"https:\/\/arribanutrition.com\/es\/wp-json\/wp\/v2\/comments?post=11098"}],"wp:featuredmedia":[{"embeddable":true,"href":"https:\/\/arribanutrition.com\/es\/wp-json\/wp\/v2\/media\/10909"}],"wp:attachment":[{"href":"https:\/\/arribanutrition.com\/es\/wp-json\/wp\/v2\/media?parent=11098"}],"wp:term":[{"taxonomy":"product_brand","embeddable":true,"href":"https:\/\/arribanutrition.com\/es\/wp-json\/wp\/v2\/product_brand?post=11098"},{"taxonomy":"product_cat","embeddable":true,"href":"https:\/\/arribanutrition.com\/es\/wp-json\/wp\/v2\/product_cat?post=11098"},{"taxonomy":"product_tag","embeddable":true,"href":"https:\/\/arribanutrition.com\/es\/wp-json\/wp\/v2\/product_tag?post=11098"}],"curies":[{"name":"wp","href":"https:\/\/api.w.org\/{rel}","templated":true}]}}