{"id":6699,"date":"2023-03-06T11:10:47","date_gmt":"2023-03-06T10:10:47","guid":{"rendered":"https:\/\/arribanutrition.com\/inicio\/"},"modified":"2025-06-03T09:56:20","modified_gmt":"2025-06-03T07:56:20","slug":"inicio","status":"publish","type":"page","link":"https:\/\/arribanutrition.com\/es\/","title":{"rendered":"Inicio"},"content":{"rendered":"<p>[rev_slider alias=\u00bbslider-1&#8243; slidertitle=\u00bbSlider 1&#8243;][\/rev_slider]\t\t<\/p>\n<figure><img loading=\"lazy\" decoding=\"async\" width=\"600\" height=\"600\" src=\"https:\/\/arriba.projection-learn.website\/wp-content\/uploads\/2022\/11\/01_Arriba-icon_Performance-booster@3x.png\" alt=\"\" \/><\/figure>\n<p>Potenciadores de rendimiento<\/p>\n<figure><img loading=\"lazy\" decoding=\"async\" width=\"600\" height=\"600\" src=\"https:\/\/arriba.projection-learn.website\/wp-content\/uploads\/2022\/11\/03_Arriba-icon_100-veilig@3x.png\" alt=\"\" \/><\/figure>\n<p>100% seguro de usar<\/p>\n<figure><img loading=\"lazy\" decoding=\"async\" width=\"600\" height=\"600\" src=\"https:\/\/arriba.projection-learn.website\/wp-content\/uploads\/2022\/11\/04_Arriba-icon_100-snel-@3x.png\" alt=\"\" \/><\/figure>\n<p>R\u00e1pido y f\u00e1cil de preparar<\/p>\n<figure><img loading=\"lazy\" decoding=\"async\" width=\"600\" height=\"600\" src=\"https:\/\/arriba.projection-learn.website\/wp-content\/uploads\/2022\/11\/04_Arriba-icon_100-veilig-kopie@3x.png\" alt=\"\" \/><\/figure>\n<p>F\u00f3rmula poderosa<\/p>\n<h3>Mr. Anatoly clean pro-line<\/h3>\n<p>\t\t\t\t\t<a href=\"https:\/\/arriba.projection-learn.website\/es\/tienda\/\" target=\"_blank\" rel=\"noopener\"><br \/>\n\t\t\t\t\t\t\t\t\tVer todos los productos<br \/>\n\t\t\t\t\t<\/a><br \/>\n\t<a href=\"https:\/\/arriba.projection-learn.website\/es\/producto\/objetivos\/desarrollo-muscular\/whey-isolate-2\/\" target=\"_blank\" rel=\"noopener\"><img loading=\"lazy\" width=\"863\" height=\"912\" src=\"https:\/\/arriba.projection-learn.website\/wp-content\/uploads\/2023\/12\/Anatoly-isolate-web.png\" alt=\"\" decoding=\"async\" srcset=\"https:\/\/arriba.projection-learn.website\/wp-content\/uploads\/2023\/12\/Anatoly-isolate-web.png 863w, https:\/\/arriba.projection-learn.website\/wp-content\/uploads\/2023\/12\/Anatoly-isolate-web-284x300.png 284w, https:\/\/arriba.projection-learn.website\/wp-content\/uploads\/2023\/12\/Anatoly-isolate-web-768x812.png 768w, https:\/\/arriba.projection-learn.website\/wp-content\/uploads\/2023\/12\/Anatoly-isolate-web-600x634.png 600w, https:\/\/arriba.projection-learn.website\/wp-content\/uploads\/2023\/12\/Anatoly-isolate-web-300x317.png 300w\" sizes=\"auto, (max-width: 863px) 100vw, 863px\" \/><\/a><\/p>\n<h4 ><a href=\"https:\/\/arriba.projection-learn.website\/es\/producto\/objetivos\/desarrollo-muscular\/whey-isolate-2\/\" target=\"_blank\" rel=\"noopener\">Aislado de suero Pro<\/a><\/h4>\n<p>\t<bdi>&euro;&nbsp;44,95<\/bdi><br \/>\n\t\t\t<a href=\"#\" data-widget-type=\"jet-wishlist-button\" data-product-id=\"9353\" data-widget-id=\"27eb7e5\"><br \/>\n\t\t\t<\/a><br \/>\n\t\t\t<a href=\"https:\/\/arriba.projection-learn.website\/es\/producto\/objetivos\/desarrollo-muscular\/whey-isolate-2\/\" target=\"_blank\" rel=\"noopener\"><\/a><br \/>\n\t<a href=\"https:\/\/arriba.projection-learn.website\/es\/producto\/objetivos\/desarrollo-muscular\/creatine-pro\/\" target=\"_blank\" rel=\"noopener\"><img loading=\"lazy\" width=\"826\" height=\"874\" src=\"https:\/\/arriba.projection-learn.website\/wp-content\/uploads\/2023\/12\/Anatoly-creatine-web.png\" alt=\"\" decoding=\"async\" srcset=\"https:\/\/arriba.projection-learn.website\/wp-content\/uploads\/2023\/12\/Anatoly-creatine-web.png 826w, https:\/\/arriba.projection-learn.website\/wp-content\/uploads\/2023\/12\/Anatoly-creatine-web-284x300.png 284w, https:\/\/arriba.projection-learn.website\/wp-content\/uploads\/2023\/12\/Anatoly-creatine-web-768x813.png 768w, https:\/\/arriba.projection-learn.website\/wp-content\/uploads\/2023\/12\/Anatoly-creatine-web-600x635.png 600w, https:\/\/arriba.projection-learn.website\/wp-content\/uploads\/2023\/12\/Anatoly-creatine-web-300x317.png 300w\" sizes=\"auto, (max-width: 826px) 100vw, 826px\" \/><\/a><\/p>\n<h4 ><a href=\"https:\/\/arriba.projection-learn.website\/es\/producto\/objetivos\/desarrollo-muscular\/creatine-pro\/\" target=\"_blank\" rel=\"noopener\">Creatine pro<\/a><\/h4>\n<p>\t<bdi>&euro;&nbsp;22,50<\/bdi><br \/>\n\t\t\t<a href=\"#\" data-widget-type=\"jet-wishlist-button\" data-product-id=\"9352\" data-widget-id=\"27eb7e5\"><br \/>\n\t\t\t<\/a><br \/>\n\t\t\t<a href=\"https:\/\/arriba.projection-learn.website\/es\/producto\/objetivos\/desarrollo-muscular\/creatine-pro\/\" target=\"_blank\" rel=\"noopener\"><\/a><br \/>\n\t<a href=\"https:\/\/arriba.projection-learn.website\/es\/producto\/objetivos\/aguante\/pre-workout-pro\/\" target=\"_blank\" rel=\"noopener\"><img loading=\"lazy\" width=\"826\" height=\"874\" src=\"https:\/\/arriba.projection-learn.website\/wp-content\/uploads\/2023\/12\/Anatoly-Pre-Workout-web.png\" alt=\"\" decoding=\"async\" srcset=\"https:\/\/arriba.projection-learn.website\/wp-content\/uploads\/2023\/12\/Anatoly-Pre-Workout-web.png 826w, https:\/\/arriba.projection-learn.website\/wp-content\/uploads\/2023\/12\/Anatoly-Pre-Workout-web-284x300.png 284w, https:\/\/arriba.projection-learn.website\/wp-content\/uploads\/2023\/12\/Anatoly-Pre-Workout-web-768x813.png 768w, https:\/\/arriba.projection-learn.website\/wp-content\/uploads\/2023\/12\/Anatoly-Pre-Workout-web-600x635.png 600w, https:\/\/arriba.projection-learn.website\/wp-content\/uploads\/2023\/12\/Anatoly-Pre-Workout-web-300x317.png 300w\" sizes=\"auto, (max-width: 826px) 100vw, 826px\" \/><\/a><\/p>\n<h4 ><a href=\"https:\/\/arriba.projection-learn.website\/es\/producto\/objetivos\/aguante\/pre-workout-pro\/\" target=\"_blank\" rel=\"noopener\">Pre Workout pro<\/a><\/h4>\n<p>\t<bdi>&euro;&nbsp;37,95<\/bdi><br \/>\n\t\t\t<a href=\"#\" data-widget-type=\"jet-wishlist-button\" data-product-id=\"9348\" data-widget-id=\"27eb7e5\"><br \/>\n\t\t\t<\/a><br \/>\n\t\t\t<a href=\"https:\/\/arriba.projection-learn.website\/es\/producto\/objetivos\/aguante\/pre-workout-pro\/\" target=\"_blank\" rel=\"noopener\"><\/a><br \/>\n\t<a href=\"https:\/\/arriba.projection-learn.website\/es\/producto\/objetivos\/desarrollo-muscular\/high-protein-pancakes-pro\/\" target=\"_blank\" rel=\"noopener\"><img loading=\"lazy\" width=\"863\" height=\"912\" src=\"https:\/\/arriba.projection-learn.website\/wp-content\/uploads\/2023\/12\/Anatoly-Proteine-Pancakes-web.png\" alt=\"\" decoding=\"async\" srcset=\"https:\/\/arriba.projection-learn.website\/wp-content\/uploads\/2023\/12\/Anatoly-Proteine-Pancakes-web.png 863w, https:\/\/arriba.projection-learn.website\/wp-content\/uploads\/2023\/12\/Anatoly-Proteine-Pancakes-web-284x300.png 284w, https:\/\/arriba.projection-learn.website\/wp-content\/uploads\/2023\/12\/Anatoly-Proteine-Pancakes-web-768x812.png 768w, https:\/\/arriba.projection-learn.website\/wp-content\/uploads\/2023\/12\/Anatoly-Proteine-Pancakes-web-600x634.png 600w, https:\/\/arriba.projection-learn.website\/wp-content\/uploads\/2023\/12\/Anatoly-Proteine-Pancakes-web-300x317.png 300w\" sizes=\"auto, (max-width: 863px) 100vw, 863px\" \/><\/a><\/p>\n<h4 ><a href=\"https:\/\/arriba.projection-learn.website\/es\/producto\/objetivos\/desarrollo-muscular\/high-protein-pancakes-pro\/\" target=\"_blank\" rel=\"noopener\">High Protein Pancakes Pro<\/a><\/h4>\n<p>\t<bdi>&euro;&nbsp;29,95<\/bdi><br \/>\n\t\t\t<a href=\"#\" data-widget-type=\"jet-wishlist-button\" data-product-id=\"9347\" data-widget-id=\"27eb7e5\"><br \/>\n\t\t\t<\/a><br \/>\n\t\t\t<a href=\"https:\/\/arriba.projection-learn.website\/es\/producto\/objetivos\/desarrollo-muscular\/high-protein-pancakes-pro\/\" target=\"_blank\" rel=\"noopener\"><\/a><br \/>\n\t\t\t\t\t<a href=\"https:\/\/arriba.projection-learn.website\/winkel\/\" target=\"_blank\" rel=\"noopener\"><br \/>\n\t\t\t\t\t\t\t\t\tVer todos los productos<br \/>\n\t\t\t\t\t<\/a><\/p>\n<h3>Objetivos<\/h3>\n<p>\t\t\t\t\t<a href=\"https:\/\/arriba.projection-learn.website\/es\/tienda\/\" target=\"_blank\" rel=\"noopener\"><br \/>\n\t\t\t\t\t\t\t\t\tVer todos los productos<br \/>\n\t\t\t\t\t<\/a><br \/>\n\t\t\t\t\t\t\t<a href=\"https:\/\/arriba.projection-learn.website\/es\/perder-peso\/\" target=\"_blank\" rel=\"noopener\"><\/p>\n<h2>\n\t\t\t\t\t\tPerder peso\t\t\t\t\t<\/h2>\n<p>\t\t\t\t\t\tTienda<br \/>\n\t\t\t\t\t\t<\/a><br \/>\n\t\t\t\t\t\t\t<a href=\"https:\/\/arriba.projection-learn.website\/es\/desarrollo-muscular\/\" target=\"_blank\" rel=\"noopener\"><\/p>\n<h2>\n\t\t\t\t\t\tDesarrollo muscular\t\t\t\t\t<\/h2>\n<p>\t\t\t\t\t\tTienda<br \/>\n\t\t\t\t\t\t<\/a><br \/>\n\t\t\t\t\t\t\t<a href=\"https:\/\/arriba.projection-learn.website\/es\/aguante\/\" target=\"_blank\" rel=\"noopener\"><\/p>\n<h2>\n\t\t\t\t\t\tAguante\t\t\t\t\t<\/h2>\n<p>\t\t\t\t\t\tTienda<br \/>\n\t\t\t\t\t\t<\/a><br \/>\n\t\t\t\t\t\t\t<a href=\"https:\/\/arriba.projection-learn.website\/es\/estilo-de-vida-saludable\/\" target=\"_blank\" rel=\"noopener\"><\/p>\n<h2>\n\t\t\t\t\t\tEstilo de vida saludable\t\t\t\t\t<\/h2>\n<p>\t\t\t\t\t\tTienda<br \/>\n\t\t\t\t\t\t<\/a><\/p>\n<h2>arriba nutrition instagram<\/h2>\n<p>Error validating access token: The session has been invalidated because the user changed their password or Facebook has changed the session for security reasons.<\/p>\n<h4>Suscr\u00edbete a nuestro bolet\u00edn informativo y recibe todas nuestras promociones, sorteos y m\u00e1s en tu casilla de correo electr\u00f3nico.<\/h4>\n","protected":false},"excerpt":{"rendered":"<p>[rev_slider alias=\u00bbslider-1&#8243; slidertitle=\u00bbSlider 1&#8243;][\/rev_slider] Potenciadores de rendimiento 100% seguro de usar R\u00e1pido y f\u00e1cil de preparar F\u00f3rmula poderosa Mr. Anatoly clean pro-line Ver todos los productos Aislado de suero Pro &euro;&nbsp;44,95 Creatine pro &euro;&nbsp;22,50 Pre Workout pro &euro;&nbsp;37,95 High Protein Pancakes Pro &euro;&nbsp;29,95 Ver todos los productos Objetivos Ver todos los productos Perder peso Tienda [&hellip;]<\/p>\n","protected":false},"author":1,"featured_media":0,"parent":0,"menu_order":0,"comment_status":"closed","ping_status":"closed","template":"custom-main-page.php","meta":{"footnotes":""},"class_list":["post-6699","page","type-page","status-publish","hentry"],"_links":{"self":[{"href":"https:\/\/arribanutrition.com\/es\/wp-json\/wp\/v2\/pages\/6699","targetHints":{"allow":["GET"]}}],"collection":[{"href":"https:\/\/arribanutrition.com\/es\/wp-json\/wp\/v2\/pages"}],"about":[{"href":"https:\/\/arribanutrition.com\/es\/wp-json\/wp\/v2\/types\/page"}],"author":[{"embeddable":true,"href":"https:\/\/arribanutrition.com\/es\/wp-json\/wp\/v2\/users\/1"}],"replies":[{"embeddable":true,"href":"https:\/\/arribanutrition.com\/es\/wp-json\/wp\/v2\/comments?post=6699"}],"version-history":[{"count":0,"href":"https:\/\/arribanutrition.com\/es\/wp-json\/wp\/v2\/pages\/6699\/revisions"}],"wp:attachment":[{"href":"https:\/\/arribanutrition.com\/es\/wp-json\/wp\/v2\/media?parent=6699"}],"curies":[{"name":"wp","href":"https:\/\/api.w.org\/{rel}","templated":true}]}}