{"id":3220,"date":"2022-03-15T10:21:37","date_gmt":"2022-03-15T09:21:37","guid":{"rendered":"https:\/\/arribanutrition.com\/envios-y-devoluciones\/"},"modified":"2025-06-26T20:12:53","modified_gmt":"2025-06-26T18:12:53","slug":"envios-y-devoluciones","status":"publish","type":"page","link":"https:\/\/arribanutrition.com\/es\/envios-y-devoluciones\/","title":{"rendered":"Env\u00edos y Devoluciones"},"content":{"rendered":"<style>\/*! elementor - v3.21.0 - 22-05-2024 *\/\n.elementor-heading-title{padding:0;margin:0;line-height:1}.elementor-widget-heading .elementor-heading-title[class*=elementor-size-]>a{color:inherit;font-size:inherit;line-height:inherit}.elementor-widget-heading .elementor-heading-title.elementor-size-small{font-size:15px}.elementor-widget-heading .elementor-heading-title.elementor-size-medium{font-size:19px}.elementor-widget-heading .elementor-heading-title.elementor-size-large{font-size:29px}.elementor-widget-heading .elementor-heading-title.elementor-size-xl{font-size:39px}.elementor-widget-heading .elementor-heading-title.elementor-size-xxl{font-size:59px}<\/style>\n<h1>Env\u00edos y Devoluciones<\/h1>\n<h3>Mandar<\/h3>\n<p><strong>Entrega en los Pa\u00edses Bajos<\/strong><\/p>\n<p>En colaboraci\u00f3n con DHL, Fedex, GLS y UPS, todos los pedidos se realizan antes de las 23:00 horas. Se enviar\u00e1 el mismo d\u00eda para que puedas recibir tu pedido lo antes posible.<br \/>Adem\u00e1s del env\u00edo s\u00faper r\u00e1pido, Arriba Nutrition ofrece env\u00edo gratuito en pedidos superiores a una determinada cantidad, seg\u00fan el pa\u00eds desde el que realice el pedido.<\/p>\n<p>Si no ha recibido su pedido dentro del plazo indicado en su correo electr\u00f3nico de seguimiento y localizaci\u00f3n, p\u00f3ngase en contacto con nuestro servicio de atenci\u00f3n al cliente en <a href=\"mailto:info@arriba.projection-learn.website\">info@arriba.projection-learn.website<\/a><\/p>\n<p><strong>Tarifas de envio<\/strong><\/p>\n<p><em>Entrega en Pa\u00edses Bajos,<br \/><\/em> gastos de env\u00edo 3,95\u20ac<br \/>Env\u00edo gratuito a partir de 60\u20ac<br \/>Entrega en 1 d\u00eda laborable si se realiza el pedido antes de las 23:00 horas.<\/p>\n<p><em>Env\u00edo a B\u00e9lgica<\/em><br \/>Gastos de env\u00edo 6,95\u20ac<br \/>Env\u00edo gratuito a partir de 60\u20ac<br \/>Entrega en 1-2 d\u00edas laborables si se realiza el pedido antes de las 23:00 horas.<\/p>\n<p><em>Enviar a Gran Breta\u00f1a<\/em><br \/>Para entrega en Gran Breta\u00f1a antes de las 23:00 horas, entrega en un plazo de 2 a 5 d\u00edas laborables.<br \/>Gastos de env\u00edo 7,95\u20ac<br \/>Env\u00edo gratuito a partir de 60\u20ac<\/p>\n<p><em>Enviar a Estados Unidos<\/em><br \/>Para entrega en EE. UU. pedidos antes de las 11 p.m. Se entregar\u00e1 en un plazo de 2 a 5 d\u00edas laborables.<\/p>\n<p><strong>Otros paises<\/strong><br \/>Arriba suministra a muchos pa\u00edses alrededor del mundo. Por favor revise su carrito de compras para ver los costos de env\u00edo y los t\u00e9rminos de entrega a su pa\u00eds.<\/p>\n<p><strong>Pol\u00edtica de transporte de entrega<\/strong><br \/>Algunas empresas de transporte entregar\u00e1n tu pedido en la direcci\u00f3n que hayas especificado. Si el paquete no se puede entregar, se entregar\u00e1 a los vecinos o se ofrecer\u00e1 nuevamente m\u00e1s tarde. El d\u00eda y la hora de la 2\u00aa entrega dependen del d\u00eda de la 1\u00aa entrega. Si no est\u00e1s en casa durante la segunda entrega, recibir\u00e1s una nota en tu buz\u00f3n. Aqu\u00ed se indica en qu\u00e9 Punto de Servicio puede recoger el paquete. Tienes 7 d\u00edas para recoger el paquete, de lo contrario el paquete ser\u00e1 devuelto.<\/p>\n<h3>Devoluciones<\/h3>\n<p>Despu\u00e9s de recibir sus productos, tiene 14 d\u00edas para notificarnos si desea devolver los productos. Si ha indicado que desea devolver los productos, deber\u00e1 devolverlos de forma demostrable a Arribanutrition.com en un plazo de 14 d\u00edas.<br \/>Los productos en los que la higiene es importante, como comprimidos, c\u00e1psulas, polvos, bebidas, cremas, aceites y otros productos sellados, s\u00f3lo se pueden devolver sin abrir y en buen estado (posiblemente con el sello intacto). Si tiene productos da\u00f1ados durante el uso, podemos cobrarle por esto.<br \/>El importe de la compra ser\u00e1 reembolsado lo antes posible, pero a m\u00e1s tardar 14 d\u00edas despu\u00e9s de la cancelaci\u00f3n.<\/p>\n","protected":false},"excerpt":{"rendered":"<p>Env\u00edos y Devoluciones Mandar Entrega en los Pa\u00edses Bajos En colaboraci\u00f3n con DHL, Fedex, GLS y UPS, todos los pedidos se realizan antes de las 23:00 horas. Se enviar\u00e1 el mismo d\u00eda para que puedas recibir tu pedido lo antes posible.Adem\u00e1s del env\u00edo s\u00faper r\u00e1pido, Arriba Nutrition ofrece env\u00edo gratuito en pedidos superiores a una [&hellip;]<\/p>\n","protected":false},"author":1,"featured_media":0,"parent":0,"menu_order":0,"comment_status":"closed","ping_status":"closed","template":"page-legal.php","meta":{"footnotes":""},"class_list":["post-3220","page","type-page","status-publish","hentry"],"_links":{"self":[{"href":"https:\/\/arribanutrition.com\/es\/wp-json\/wp\/v2\/pages\/3220","targetHints":{"allow":["GET"]}}],"collection":[{"href":"https:\/\/arribanutrition.com\/es\/wp-json\/wp\/v2\/pages"}],"about":[{"href":"https:\/\/arribanutrition.com\/es\/wp-json\/wp\/v2\/types\/page"}],"author":[{"embeddable":true,"href":"https:\/\/arribanutrition.com\/es\/wp-json\/wp\/v2\/users\/1"}],"replies":[{"embeddable":true,"href":"https:\/\/arribanutrition.com\/es\/wp-json\/wp\/v2\/comments?post=3220"}],"version-history":[{"count":0,"href":"https:\/\/arribanutrition.com\/es\/wp-json\/wp\/v2\/pages\/3220\/revisions"}],"wp:attachment":[{"href":"https:\/\/arribanutrition.com\/es\/wp-json\/wp\/v2\/media?parent=3220"}],"curies":[{"name":"wp","href":"https:\/\/api.w.org\/{rel}","templated":true}]}}