{"id":2689,"date":"2022-02-24T10:56:39","date_gmt":"2022-02-24T09:56:39","guid":{"rendered":"https:\/\/arribanutrition.com\/declaracion-de-privacidad\/"},"modified":"2025-06-26T20:11:27","modified_gmt":"2025-06-26T18:11:27","slug":"declaracion-de-privacidad","status":"publish","type":"page","link":"https:\/\/arribanutrition.com\/es\/declaracion-de-privacidad\/","title":{"rendered":"Declaraci\u00f3n de privacidad"},"content":{"rendered":"<style>\/*! elementor - v3.5.5 - 03-02-2022 *\/\n.elementor-heading-title{padding:0;margin:0;line-height:1}.elementor-widget-heading .elementor-heading-title[class*=elementor-size-]>a{color:inherit;font-size:inherit;line-height:inherit}.elementor-widget-heading .elementor-heading-title.elementor-size-small{font-size:15px}.elementor-widget-heading .elementor-heading-title.elementor-size-medium{font-size:19px}.elementor-widget-heading .elementor-heading-title.elementor-size-large{font-size:29px}.elementor-widget-heading .elementor-heading-title.elementor-size-xl{font-size:39px}.elementor-widget-heading .elementor-heading-title.elementor-size-xxl{font-size:59px}<\/style>\n<h1>Declaraci\u00f3n de privacidad<\/h1>\n<p>Su privacidad es muy importante para ARRIBA UYG HOLDING B.V.. Por eso solo tratamos los datos que necesitamos para (mejorar) nuestra prestaci\u00f3n de servicios y tratamos con cuidado la informaci\u00f3n que recopilamos sobre usted y sobre su uso de nuestros servicios. Nunca ponemos sus datos a disposici\u00f3n de terceros con fines comerciales.<br \/>Esta pol\u00edtica de privacidad se aplica al uso del sitio web y a los servicios de ARRIBA UYG HOLDING B.V. accesibles a trav\u00e9s del mismo. La fecha de entrada en vigor de estas condiciones es el 24\/01\/2022. Al publicar una nueva versi\u00f3n de dichas condiciones expira la validez de todas las versiones anteriores. Esta pol\u00edtica de privacidad describe qu\u00e9 datos recopilamos de usted, para qu\u00e9 se utilizan esos datos y con qui\u00e9n y en qu\u00e9 condiciones pueden compartirse eventualmente esos datos. Tambi\u00e9n le explicamos c\u00f3mo almacenamos y protegemos sus datos contra el uso indebido y qu\u00e9 derechos tiene usted con respecto a los datos personales que nos proporciona.<br \/>Si tiene alguna pregunta sobre nuestra pol\u00edtica de privacidad, dir\u00edjase a nuestra persona de contacto para asuntos de privacidad mediante los datos que figuran al final de esta pol\u00edtica.<\/p>\n<h3>SOBRE EL TRATAMIENTO DE DATOS<\/h3>\n<p>A continuaci\u00f3n explicamos c\u00f3mo tratamos sus datos, d\u00f3nde los almacenamos o mandamos almacenarlos, qu\u00e9 t\u00e9cnicas de seguridad utilizamos y para qui\u00e9n son accesibles los datos.<\/p>\n<h3>SOFTWARE DE COMERCIO ELECTR\u00d3NICO<\/h3>\n<p><strong>WooCommerce<\/strong><br \/>Nuestra tienda web ha sido desarrollada con software de WooCommerce. Los datos personales que usted pone a nuestra disposici\u00f3n con miras a la prestaci\u00f3n de nuestros servicios se compartir\u00e1n con esa parte. WooCommerce tiene acceso a sus datos para proporcionarnos soporte (t\u00e9cnico). Nunca usar\u00e1n sus datos para ning\u00fan otro prop\u00f3sito. En virtud del contrato que hemos celebrado con ellos, WooCommerce est\u00e1 obligado a tomar las medidas de seguridad pertinentes. Estas medidas de seguridad consisten en la aplicaci\u00f3n de cifrado SSL y una pol\u00edtica de contrase\u00f1a segura. WooCommerce utiliza cookies para recopilar informaci\u00f3n t\u00e9cnica sobre su uso del software. No se recopilan ni se almacenan datos personales. WooCommerce se reserva el derecho de compartir los datos recopilados dentro de su propio grupo para mejorar a\u00fan m\u00e1s los servicios prestados.<\/p>\n<p><strong>Alojamiento web de WooCommerce<\/strong><br \/>Nuestra tienda web ha sido desarrollada con software de WooCommerce. Para el alojamiento web, hemos optado por Yourhosting. Los datos personales que usted pone a nuestra disposici\u00f3n con miras a la prestaci\u00f3n de nuestros servicios se compartir\u00e1n con esa parte. Yourhosting tiene acceso a sus datos para proporcionarnos soporte (t\u00e9cnico). Nunca usar\u00e1n sus datos para ning\u00fan otro prop\u00f3sito. En virtud del contrato que hemos celebrado con ellos, Yourhosting est\u00e1 obligado a tomar las medidas de seguridad pertinentes. Estas medidas de seguridad consisten en la aplicaci\u00f3n de cifrado SSL y una pol\u00edtica de contrase\u00f1a segura. Se hacen copias de reserva peri\u00f3dicas para evitar que se pierdan datos.<\/p>\n<p><strong>Yourhosting<\/strong><br \/>Para el alojamiento web y el correo electr\u00f3nico utilizamos los servicios de Yourhosting. Yourhosting trata datos personales en nombre nuestro y no utiliza datos sobre usted para sus propios fines. Sin embargo, esta parte puede recopilar metadatos sobre el uso de los servicios. No se trata de datos personales. Yourhosting ha tomado las medidas t\u00e9cnicas y organizativas adecuadas para evitar la p\u00e9rdida y el uso no autorizado de sus datos personales. En virtud del contrato, Yourhosting est\u00e1 obligado a mantener la confidencialidad.<\/p>\n<h3>CORREO ELECTR\u00d3NICO Y LISTAS DE DISTRIBUCI\u00d3N<\/h3>\n<p><strong>MailChimp<\/strong><br \/>Enviamos nuestros boletines por correo electr\u00f3nico con MailChimp. MailChimp nunca utilizar\u00e1 su nombre y direcci\u00f3n de correo electr\u00f3nico para sus propios fines. En la parte inferior de cada correo electr\u00f3nico que se env\u00eda autom\u00e1ticamente a trav\u00e9s de nuestro sitio web hay un enlace para cancelar la suscripci\u00f3n. Si se da de baja, ya no recibir\u00e1 nuestro bolet\u00edn. MailChimp almacena de forma segura sus datos personales. MailChimp utiliza cookies y otras tecnolog\u00edas de Internet que brindan informaci\u00f3n sobre si los correos electr\u00f3nicos se abren y se leen. MailChimp se reserva el derecho de utilizar sus datos y compartir informaci\u00f3n con terceros para mejorar a\u00fan m\u00e1s los servicios prestados.<\/p>\n<p><strong>Yourhosting<\/strong><br \/>Utilizamos los servicios de Yourhosting para nuestro tr\u00e1fico de correo electr\u00f3nico comercial regular. Esta parte ha adoptado las medidas t\u00e9cnicas y organizativas adecuadas para evitar en lo posible el uso indebido, la p\u00e9rdida y la corrupci\u00f3n de sus datos y los nuestros. Yourhosting no tiene acceso a nuestro buz\u00f3n y tratamos todo nuestro tr\u00e1fico de correo electr\u00f3nico de forma confidencial.<\/p>\n<h3>PROCESADORES DE PAGOS<\/h3>\n<p><strong>Mollie<\/strong><br \/>Utilizamos la plataforma de Mollie para gestionar (parte de) los pagos en nuestra tienda web. Mollie trata los datos referentes a su nombre y direcci\u00f3n, as\u00ed como los datos para los pagos, como su n\u00famero de cuenta bancaria o de tarjeta de cr\u00e9dito. Mollie ha tomado las medidas t\u00e9cnicas y organizativas adecuadas para proteger sus datos personales. Mollie se reserva el derecho de utilizar sus datos y compartir datos (anonimizados) con terceros para mejorar a\u00fan m\u00e1s los servicios prestados. Todas las garant\u00edas mencionadas anteriormente con respecto a la protecci\u00f3n de sus datos personales tambi\u00e9n se aplican a las partes de los servicios de Mollie para las cuales esta \u00faltima contrata a terceros. Mollie no conserva sus datos por m\u00e1s tiempo del permitido legalmente.<\/p>\n<h3>ENV\u00cdO Y LOG\u00cdSITCA<\/h3>\n<p><strong>PostNL<\/strong><br \/>Si usted nos hace un pedido, es nuestra responsabilidad hacerle llegar el paquete. Utilizamos los servicios de PostNL para realizar las entregas. Debido a ello tenemos que compartir los datos referentes a su nombre y direcci\u00f3n con PostNL. PostNL solo utiliza estos datos para la ejecuci\u00f3n del contrato. En el caso de que PostNL recurra a subcontratistas, PostNL tambi\u00e9n pondr\u00e1 sus datos a disposici\u00f3n de estos \u00faltimos.<\/p>\n<h3>OBJETO DEL TRATAMIENTO DE DATOS<\/h3>\n<p><strong>Finalidad general del tratamiento<\/strong><br \/>Solo utilizamos sus datos con miras a la prestaci\u00f3n de nuestros servicios. Esto significa que el prop\u00f3sito del tratamiento siempre est\u00e1 directamente relacionado con el encargo que nos hace. No utilizamos sus datos para fines de marketing (personalizado). Si comparte informaci\u00f3n con nosotros y nosotros la usamos para comunicarnos con usted en un momento posterior (sin que usted as\u00ed lo haya solicitado), le pediremos permiso expl\u00edcitamente para hacerlo. Sus datos no se compartir\u00e1n con terceros, salvo para cumplir con las obligaciones contables y administrativas. Todos estos terceros est\u00e1n sujetos a la confidencialidad, ya sea en virtud del contrato vigente entre ellos y nosotros o por juramento u obligaci\u00f3n legal.<\/p>\n<p><strong>Datos recopilados autom\u00e1ticamente<\/strong><br \/>Los datos que nuestro sitio web recopila autom\u00e1ticamente se tratan con el objetivo de mejorar a\u00fan m\u00e1s nuestros servicios. Estos datos (por ejemplo, su direcci\u00f3n IP, navegador web y sistema operativo) no son datos personales.<\/p>\n<h3>COLABORACI\u00d3N EN INVESTIGACIONES FISCALES Y PENALES<\/h3>\n<p>En ciertos casos es posible que ARRIBA UYG HOLDING B.V. tenga la obligaci\u00f3n legal de compartir sus datos en el marco de una investigaci\u00f3n fiscal o penal instituida por las autoridades. En dichos casos tendremos que compartir sus datos, aunque nos opondremos a ello dentro de las posibilidades que nos ofrece la ley.<\/p>\n<h3>PLAZOS DE CONSERVACI\u00d3N<\/h3>\n<p>Conservaremos sus datos mientras sea nuestro cliente. Esto significa que mantendremos su perfil de cliente hasta que comunique que ya no desea utilizar nuestros servicios. Dicha comunicaci\u00f3n la interpretaremos asimismo como una solicitud de ser olvidado. En virtud de las obligaciones administrativas aplicables, debemos conservar las facturas con sus datos (personales), por lo que conservaremos estos datos mientras dure el plazo aplicable. Sin embargo, los empleados dejar\u00e1n de tener acceso a su perfil de cliente y a los documentos que hayamos producido en relaci\u00f3n con su encargo.<\/p>\n<h3>SUS DERECHOS<\/h3>\n<p>En virtud de la legislaci\u00f3n neerlandesa y europea aplicable, usted como interesado tiene ciertos derechos en relaci\u00f3n con los datos personales que son tratados por nosotros o en nuestro nombre. A continuaci\u00f3n explicamos qu\u00e9 derechos son y c\u00f3mo puede invocarlos En principio, con el fin de evitar el uso indebido, solo enviamos extractos y copias de sus datos a su direcci\u00f3n de correo electr\u00f3nico ya conocida por nosotros. En el caso de que desee recibir los datos en otra direcci\u00f3n de correo electr\u00f3nico o, por ejemplo, por correo postal, le pediremos que se identifique. Llevamos un registro de las solicitudes tramitadas y en caso de una solicitud de ser olvidado administramos los datos de forma anonimizada. Recibir\u00e1 todos los extractos y copias de datos en el formato de datos legible por m\u00e1quina que utilizamos en nuestros sistemas. Si sospecha que estamos utilizando sus datos personales de una manera incorrecta, tiene derecho a presentar en todo momento una queja ante la Autoridad neerlandesa de protecci\u00f3n de datos (Autoriteit Persoonsgegevens).<\/p>\n<h3>DERECHO DE ACCESO<\/h3>\n<p>Siempre tiene derecho a acceder a los datos que tratamos o mandamos tratar y que se refieren a su persona o se pueden rastrear hasta usted. Puede hacer una solicitud con ese fin a nuestra persona de contacto para asuntos de privacidad. . Recibir\u00e1 una respuesta a su solicitud en un plazo de 30 d\u00edas. Si se acepta su solicitud, le enviaremos, a la direcci\u00f3n de correo electr\u00f3nico que conocemos, una copia de todos los datos con una relaci\u00f3n de los encargados del tratamiento de esos datos, indicando la categor\u00eda bajo la cual hemos almacenado estos datos.<\/p>\n<h3>DERECHO DE RECTIFICACI\u00d3N<\/h3>\n<p>Usted siempre tiene derecho a solicitar la rectificaci\u00f3n de los datos que tratamos o mandamos tratar y que se refieren a su persona o se pueden rastrear hasta usted. Puede hacer una solicitud con ese fin a nuestra persona de contacto para asuntos de privacidad. Recibir\u00e1 una respuesta a su solicitud en un plazo de 30 d\u00edas. Si se acepta su solicitud, le enviaremos una confirmaci\u00f3n de que se han rectificado los datos a la direcci\u00f3n de correo electr\u00f3nico que nosotros conocemos.<\/p>\n<h3>DERECHO DE LIMITACI\u00d3N DEL TRATAMIENTO<\/h3>\n<p>Usted siempre tiene derecho a limitar los datos que tratamos o mandamos tratar y que se refieren a su persona o se pueden rastrear hasta usted. Puede hacer una solicitud con ese fin a nuestra persona de contacto para asuntos de privacidad. Recibir\u00e1 una respuesta a su solicitud en un plazo de 30 d\u00edas. Si se acepta su solicitud, le enviaremos, a la direcci\u00f3n de correo electr\u00f3nico que conocemos, una confirmaci\u00f3n de que los datos dejar\u00e1n de tratarse hasta que usted cancele la limitaci\u00f3n.<\/p>\n<h3>DERECHO DE PORTABILIDAD<\/h3>\n<p>Usted siempre tiene derecho a que otra parte lleve a cabo el tratamiento de los datos que tratamos o mandamos tratar y que se refieren a su persona o se pueden rastrear hasta usted. Puede hacer una solicitud con ese fin a nuestra persona de contacto para asuntos de privacidad. Recibir\u00e1 una respuesta a su solicitud en un plazo de 30 d\u00edas. Si se acepta su solicitud, le enviaremos, a la direcci\u00f3n de correo electr\u00f3nico que nosotros conocemos, extractos o copias de todos los datos relativos a usted que hayamos tratado o que otros encargados de tratamiento o terceros hayan tratado en nuestro nombre. En tal caso es muy probable que ya no podamos seguir prestando el servicio, dado que ya no se podr\u00e1 garantizar la vinculaci\u00f3n segura de los archivos de datos.<\/p>\n<h3>DERECHO DE OBJECI\u00d3N Y OTROS DERECHOS<\/h3>\n<p>Usted tiene en ciertos casos el derecho de objetar el tratamiento de sus datos personales por o en nombre de ARRIBA UYG HOLDING B.V.. Si usted objeta, inmediatamente dejaremos de tratar sus datos hasta que se resuelva su objeci\u00f3n. . Si su objeci\u00f3n es fundada, le facilitaremos extractos y\/o copias de los datos que tratamos o mandamos tratar y, a continuaci\u00f3n, suspenderemos permanentemente el tratamiento. Tambi\u00e9n tiene derecho a no ser sometido a las decisiones individuales automatizadas o a la elaboraci\u00f3n de perfiles. No tratamos sus datos de tal manera que se aplique este derecho. Si en su opini\u00f3n este s\u00ed es el caso, p\u00f3ngase en contacto con nuestra persona de contacto para asuntos de privacidad.<\/p>\n<h3>COOKIES<\/h3>\n<p><strong>Google Analytics<\/strong><br \/>A trav\u00e9s de nuestro sitio web, la empresa estadounidense Google coloca cookies como parte del servicio \u00abAnalytics\u00bb. Utilizamos este servicio para realizar un seguimiento y obtener informes sobre c\u00f3mo los visitantes utilizan nuestro sitio web. Este encargado de tratamiento posiblemente est\u00e9 obligado en virtud de las leyes y regulaciones aplicables a proporcionar acceso a dichos datos. No hemos autorizado a Google a utilizar la informaci\u00f3n obtenida mediante Analytics para otros servicios de Google.<\/p>\n<p><strong>Cookies de terceros<\/strong><br \/>En el caso de que las soluciones de software de terceros utilicen cookies, esto se indica en esta declaraci\u00f3n de privacidad.<\/p>\n<p><strong>Cambios en la pol\u00edtica de privacidad<\/strong><br \/>Nos reservamos el derecho de cambiar nuestra pol\u00edtica de privacidad en cualquier momento. Sin embargo, en esta p\u00e1gina siempre encontrar\u00e1 la versi\u00f3n m\u00e1s reciente. Si la nueva pol\u00edtica de privacidad afecta a la forma en que tratamos los datos ya recopilados relacionados con usted, le informaremos por correo electr\u00f3nico.<\/p>\n<p><strong>Datos de contacto<\/strong><br \/>ARRIBA UYG HOLDING B.V.<br \/>Trasmolenlaan 12 3447 GZ<br \/>Woerden<br \/>Pa\u00edses Bajos<\/p>\n<p>E info@arriba.projection-learn.website<br \/>Persona de contacto para asuntos de privacidad<\/p>\n","protected":false},"excerpt":{"rendered":"<p>Declaraci\u00f3n de privacidad Su privacidad es muy importante para ARRIBA UYG HOLDING B.V.. Por eso solo tratamos los datos que necesitamos para (mejorar) nuestra prestaci\u00f3n de servicios y tratamos con cuidado la informaci\u00f3n que recopilamos sobre usted y sobre su uso de nuestros servicios. Nunca ponemos sus datos a disposici\u00f3n de terceros con fines comerciales.Esta [&hellip;]<\/p>\n","protected":false},"author":1,"featured_media":0,"parent":0,"menu_order":0,"comment_status":"closed","ping_status":"closed","template":"page-legal.php","meta":{"footnotes":""},"class_list":["post-2689","page","type-page","status-publish","hentry"],"_links":{"self":[{"href":"https:\/\/arribanutrition.com\/es\/wp-json\/wp\/v2\/pages\/2689","targetHints":{"allow":["GET"]}}],"collection":[{"href":"https:\/\/arribanutrition.com\/es\/wp-json\/wp\/v2\/pages"}],"about":[{"href":"https:\/\/arribanutrition.com\/es\/wp-json\/wp\/v2\/types\/page"}],"author":[{"embeddable":true,"href":"https:\/\/arribanutrition.com\/es\/wp-json\/wp\/v2\/users\/1"}],"replies":[{"embeddable":true,"href":"https:\/\/arribanutrition.com\/es\/wp-json\/wp\/v2\/comments?post=2689"}],"version-history":[{"count":0,"href":"https:\/\/arribanutrition.com\/es\/wp-json\/wp\/v2\/pages\/2689\/revisions"}],"wp:attachment":[{"href":"https:\/\/arribanutrition.com\/es\/wp-json\/wp\/v2\/media?parent=2689"}],"curies":[{"name":"wp","href":"https:\/\/api.w.org\/{rel}","templated":true}]}}