{"id":11136,"date":"2025-06-26T22:47:14","date_gmt":"2025-06-26T20:47:14","guid":{"rendered":"https:\/\/test.arribanutrition.com\/acerca-de-arriba\/"},"modified":"2025-06-26T22:47:14","modified_gmt":"2025-06-26T20:47:14","slug":"acerca-de-arriba","status":"publish","type":"page","link":"https:\/\/arribanutrition.com\/es\/acerca-de-arriba\/","title":{"rendered":"Acerca de Arriba"},"content":{"rendered":"<h3><strong>Bienvenido a Arriba Nutrition, donde los suplementos deportivos de calidad se unen a la pasi\u00f3n y dedicaci\u00f3n del Sr. Anatoly. <\/strong><\/h3>\n<p>El Sr. Anatoly, tambi\u00e9n conocido como Vladimir Shmondenko, es un levantador de pesas y creador de contenido que ha ganado reconocimiento internacional por su influencia en las industrias del fitness, el estilo de vida y el entretenimiento. Originario de un peque\u00f1o pueblo, el viaje del Sr. Anatoly comenz\u00f3 con una profunda fascinaci\u00f3n por un estilo de vida saludable y el culturismo.<\/p>\n<p>Comenzando con recursos humildes, el Sr. Anatoly cre\u00f3 su propio gimnasio en una granja de ganado, utilizando \u00fanicamente madera, ladrillos e incluso piezas de tractor que datan de la era sovi\u00e9tica. A trav\u00e9s de sus bromas \u00fanicas y divertidas, como hacerse pasar por &#8216;conserje&#8217; o &#8216;jubilado&#8217; en gimnasios, ha logrado cautivar a una audiencia mundial. La gente a menudo se sorprende cuando descubre que el modesto conserje es, de hecho, \u00a1uno de los levantadores de peso muerto m\u00e1s fuertes presentes!<\/p>\n<p>Impulsado por su pasi\u00f3n y experiencia en el mundo del deporte, el Sr. Anatoly ha dedicado a\u00f1os a realizar investigaciones exhaustivas. Su objetivo era desarrollar la l\u00ednea perfecta de suplementos deportivos adecuados tanto para atletas recreativos como profesionales. Esta incansable b\u00fasqueda de la excelencia condujo a la creaci\u00f3n de Arriba Nutrition, una gama de productos excepcionales que se han vuelto populares entre los entusiastas del fitness de todo el mundo.<\/p>\n<p>Le invitamos a explorar nuestros productos y experimentar la dedicaci\u00f3n y experiencia que el Sr. Anatoly aporta al mundo del fitness. \u00danase a la comunidad Arriba y perm\u00edtanos apoyarlo en su camino para alcanzar sus objetivos de fitness. \u00a1Juntos, adoptemos el poder de la visi\u00f3n del Sr. Anatoly y elevemos su desempe\u00f1o a nuevas alturas!<\/p>\n<p><strong><em>Una palabra personal del se\u00f1or Anatoly.<\/em><\/strong><\/p>\n<p><em>Siempre tuve que lidiar con problemas para elegir suplementos deportivos y nutrici\u00f3n. Por eso mismo siempre so\u00f1\u00e9 con tener mi propia marca con la m\u00e1s alta calidad y gama. En Arriba Nutrition, estamos profundamente comprometidos con la excelencia, el rendimiento y la integridad. Mi misi\u00f3n personal es ofrecerle suplementos deportivos de la m\u00e1s alta calidad que superen las expectativas. Cada producto de nuestra l\u00ednea est\u00e1 formulado meticulosamente, prestando especial atenci\u00f3n a la selecci\u00f3n de los mejores ingredientes. Respaldados por investigaciones cient\u00edficas, nuestros suplementos est\u00e1n dise\u00f1ados para optimizar su rendimiento y apoyar su camino hacia el fitness.<\/em><\/p>\n<p><em>Como Sr. Anatoly, aporto mi compromiso inquebrantable con la calidad a cada aspecto de Arriba Nutrition. Me aseguro personalmente de que cada suplemento lleve mi sello de aprobaci\u00f3n, un testimonio de la dedicaci\u00f3n y la pasi\u00f3n que impulsa nuestra marca.<\/em><\/p>\n<p><em>Quiero tomarme un momento para expresar mi m\u00e1s sincero agradecimiento a todos mis fans y seguidores. Su apoyo y entusiasmo han sido fundamentales en mi viaje como levantador de pesas y creador de contenido. Con su lealtad y apoyo que contin\u00faan inspir\u00e1ndome a superar los l\u00edmites y ofrecerles lo mejor.<\/em><\/p>\n<p><em>Gracias por ser parte de la comunidad Arriba y por confiar en nosotros para apoyar tus objetivos de fitness. Juntos, sigamos luchando por la grandeza y alcancemos nuevas alturas.<\/em><\/p>\n<p><em>Por tu \u00e9xito,<\/em><\/p>\n<p><em>Vladimir Shmondenko<\/em><\/p>\n","protected":false},"excerpt":{"rendered":"<p>Bienvenido a Arriba Nutrition, donde los suplementos deportivos de calidad se unen a la pasi\u00f3n y dedicaci\u00f3n del Sr. Anatoly. El Sr. Anatoly, tambi\u00e9n conocido como Vladimir Shmondenko, es un levantador de pesas y creador de contenido que ha ganado reconocimiento internacional por su influencia en las industrias del fitness, el estilo de vida y [&hellip;]<\/p>\n","protected":false},"author":1,"featured_media":0,"parent":0,"menu_order":0,"comment_status":"closed","ping_status":"closed","template":"elementor_header_footer","meta":{"footnotes":""},"class_list":["post-11136","page","type-page","status-publish","hentry"],"_links":{"self":[{"href":"https:\/\/arribanutrition.com\/es\/wp-json\/wp\/v2\/pages\/11136","targetHints":{"allow":["GET"]}}],"collection":[{"href":"https:\/\/arribanutrition.com\/es\/wp-json\/wp\/v2\/pages"}],"about":[{"href":"https:\/\/arribanutrition.com\/es\/wp-json\/wp\/v2\/types\/page"}],"author":[{"embeddable":true,"href":"https:\/\/arribanutrition.com\/es\/wp-json\/wp\/v2\/users\/1"}],"replies":[{"embeddable":true,"href":"https:\/\/arribanutrition.com\/es\/wp-json\/wp\/v2\/comments?post=11136"}],"version-history":[{"count":0,"href":"https:\/\/arribanutrition.com\/es\/wp-json\/wp\/v2\/pages\/11136\/revisions"}],"wp:attachment":[{"href":"https:\/\/arribanutrition.com\/es\/wp-json\/wp\/v2\/media?parent=11136"}],"curies":[{"name":"wp","href":"https:\/\/api.w.org\/{rel}","templated":true}]}}